{"id":135,"date":"2021-05-25T12:22:27","date_gmt":"2021-05-25T10:22:27","guid":{"rendered":"http:\/\/new.eyeseetec.de\/?page_id=135"},"modified":"2021-06-30T14:36:46","modified_gmt":"2021-06-30T12:36:46","slug":"impressum","status":"publish","type":"page","link":"https:\/\/eyeseetec.de\/de\/impressum\/","title":{"rendered":"Impressum"},"content":{"rendered":"\t\t<div data-elementor-type=\"wp-page\" data-elementor-id=\"135\" class=\"elementor elementor-135\">\n\t\t\t\t\t\t\t\t\t<section class=\"elementor-section elementor-top-section elementor-element elementor-element-381fb64 elementor-section-boxed elementor-section-height-default elementor-section-height-default\" data-id=\"381fb64\" data-element_type=\"section\">\n\t\t\t\t\t\t<div class=\"elementor-container elementor-column-gap-default\">\n\t\t\t\t\t<div class=\"elementor-column elementor-col-16 elementor-top-column elementor-element elementor-element-991408d\" data-id=\"991408d\" data-element_type=\"column\">\n\t\t\t<div class=\"elementor-widget-wrap\">\n\t\t\t\t\t\t\t\t\t<\/div>\n\t\t<\/div>\n\t\t\t\t<div class=\"elementor-column elementor-col-66 elementor-top-column elementor-element elementor-element-77947af\" data-id=\"77947af\" data-element_type=\"column\">\n\t\t\t<div class=\"elementor-widget-wrap elementor-element-populated\">\n\t\t\t\t\t\t\t\t<div class=\"elementor-element elementor-element-2da7cc1 elementor-widget elementor-widget-heading\" data-id=\"2da7cc1\" data-element_type=\"widget\" data-widget_type=\"heading.default\">\n\t\t\t\t<div class=\"elementor-widget-container\">\n\t\t\t<h1 class=\"elementor-heading-title elementor-size-default\">Impressum<\/h1>\t\t<\/div>\n\t\t\t\t<\/div>\n\t\t\t\t<div class=\"elementor-element elementor-element-0331765 elementor-hidden-desktop elementor-hidden-phone elementor-widget elementor-widget-text-editor\" data-id=\"0331765\" data-element_type=\"widget\" data-widget_type=\"text-editor.default\">\n\t\t\t\t<div class=\"elementor-widget-container\">\n\t\t\t\t\t\t\t<p>EyeSeeTec GmbH<br \/>Neumarkter Stra\u00dfe 84c<br \/>81673 M\u00fcnchen<br \/>Deutschland<\/p><p>Tel: +49 089 215461490<br \/>Fax: +49 089 215461491<br \/>Email: <a href=\"mailto:info@eyeseetec.de\">info@eyeseetec.de<\/a><\/p><p>Gesch\u00e4ftsf\u00fchrer: Prof. Dr. Erich Schneider<\/p><p>Die EyeSeeTec GmbH ist eine Gesellschaft mit beschr\u00e4nkter Haftung deutschen Rechtes. Sie ist beim Handelsregister des Amtsgericht M\u00fcnchen unter HRB 204088 eingetragen.<br \/>Die Umsatzssteueridentifikationsnummer ist DE 288900417<\/p>\t\t\t\t\t\t<\/div>\n\t\t\t\t<\/div>\n\t\t\t\t<div class=\"elementor-element elementor-element-b1ef2d2 elementor-widget elementor-widget-text-editor\" data-id=\"b1ef2d2\" data-element_type=\"widget\" data-widget_type=\"text-editor.default\">\n\t\t\t\t<div class=\"elementor-widget-container\">\n\t\t\t\t\t\t\t<h3>Angaben gem\u00e4\u00df \u00a7 5 TMG:<\/h3><p>EyeSeeTec GmbH<\/p><h4>Postanschrift:<\/h4><p>Neumarkter Stra\u00dfe 84c<br \/>81673 M\u00fcnchen<\/p><h4>Kontakt:<\/h4><p>Telefon: +49 089 215461490<br \/>Telefax: +49 089 215461491<br \/>E-Mail: info@eyeseetec.de<\/p><h4>Gesch\u00e4ftsf\u00fchrung:<\/h4><p>Prof. Dr. Erich Schneider<\/p><h4>Handelsregistereintrag und Umsatzsteuer-Identifikationsnummer<\/h4><p>Die EyeSeeTec GmbH ist eine Gesellschaft mit beschr\u00e4nkter Haftung deutschen Rechtes. Sie ist beim Handelsregister des Amtsgericht M\u00fcnchen unter HRB 204088 eingetragen.<br \/>Die Umsatzssteueridentifikationsnummer ist DE 288900417<\/p><h3>Hinweise zur Website<\/h3><h4>Urheberrechtliche Hinweise<\/h4><p>Alle Fotos sind von EyeSeeTec, von EyeSeeTec lizensiert, oder freundlicherweise zur Verf\u00fcgung gestellt von Interacoustics AS.<\/p><h3>Information gem\u00e4\u00df \u00a7 36 VSBG<\/h3><p>Nach \u00a7 36 VSBG (Verbraucherstreitbeilegungsgesetz ) erkl\u00e4ren wir:<\/p><p>Wir sind weder bereit noch verpflichtet, an Streitbeilegungsverfahren vor einer Verbraucherschlichtungsstelle teilzunehmen.<\/p>\t\t\t\t\t\t<\/div>\n\t\t\t\t<\/div>\n\t\t\t\t<div class=\"elementor-element elementor-element-7c84e3c elementor-widget elementor-widget-spacer\" data-id=\"7c84e3c\" data-element_type=\"widget\" data-widget_type=\"spacer.default\">\n\t\t\t\t<div class=\"elementor-widget-container\">\n\t\t\t\t\t<div class=\"elementor-spacer\">\n\t\t\t<div class=\"elementor-spacer-inner\"><\/div>\n\t\t<\/div>\n\t\t\t\t<\/div>\n\t\t\t\t<\/div>\n\t\t\t\t\t<\/div>\n\t\t<\/div>\n\t\t\t\t<div class=\"elementor-column elementor-col-16 elementor-top-column elementor-element elementor-element-365440d\" data-id=\"365440d\" data-element_type=\"column\">\n\t\t\t<div class=\"elementor-widget-wrap\">\n\t\t\t\t\t\t\t\t\t<\/div>\n\t\t<\/div>\n\t\t\t\t\t\t\t<\/div>\n\t\t<\/section>\n\t\t\t\t\t\t\t<\/div>\n\t\t","protected":false},"excerpt":{"rendered":"<p>Impressum EyeSeeTec GmbHNeumarkter Stra\u00dfe 84c81673 M\u00fcnchenDeutschland Tel: +49 089 215461490Fax: +49 089 215461491Email: info@eyeseetec.de Gesch\u00e4ftsf\u00fchrer: Prof. Dr. Erich Schneider Die EyeSeeTec GmbH ist eine Gesellschaft mit beschr\u00e4nkter Haftung deutschen Rechtes. Sie ist beim Handelsregister des Amtsgericht M\u00fcnchen unter HRB 204088 eingetragen.Die Umsatzssteueridentifikationsnummer ist DE 288900417 Angaben gem\u00e4\u00df \u00a7 5 TMG: EyeSeeTec GmbH Postanschrift: Neumarkter Stra\u00dfe [&hellip;]<\/p>\n","protected":false},"author":1,"featured_media":0,"parent":0,"menu_order":0,"comment_status":"closed","ping_status":"closed","template":"","meta":{"footnotes":""},"class_list":["post-135","page","type-page","status-publish","hentry"],"yoast_head":"<!-- This site is optimized with the Yoast SEO plugin v19.9 - https:\/\/yoast.com\/wordpress\/plugins\/seo\/ -->\n<title>Impressum - EyeSeeTec GmbH<\/title>\n<meta name=\"robots\" content=\"index, follow, max-snippet:-1, max-image-preview:large, max-video-preview:-1\" \/>\n<link rel=\"canonical\" href=\"https:\/\/eyeseetec.de\/de\/impressum\/\" \/>\n<meta property=\"og:locale\" content=\"de_DE\" \/>\n<meta property=\"og:type\" content=\"article\" \/>\n<meta property=\"og:title\" content=\"Impressum - EyeSeeTec GmbH\" \/>\n<meta property=\"og:description\" content=\"Impressum EyeSeeTec GmbHNeumarkter Stra\u00dfe 84c81673 M\u00fcnchenDeutschland Tel: +49 089 215461490Fax: +49 089 215461491Email: info@eyeseetec.de Gesch\u00e4ftsf\u00fchrer: Prof. Dr. Erich Schneider Die EyeSeeTec GmbH ist eine Gesellschaft mit beschr\u00e4nkter Haftung deutschen Rechtes. Sie ist beim Handelsregister des Amtsgericht M\u00fcnchen unter HRB 204088 eingetragen.Die Umsatzssteueridentifikationsnummer ist DE 288900417 Angaben gem\u00e4\u00df \u00a7 5 TMG: EyeSeeTec GmbH Postanschrift: Neumarkter Stra\u00dfe [&hellip;]\" \/>\n<meta property=\"og:url\" content=\"https:\/\/eyeseetec.de\/de\/impressum\/\" \/>\n<meta property=\"og:site_name\" content=\"EyeSeeTec GmbH\" \/>\n<meta property=\"article:modified_time\" content=\"2021-06-30T12:36:46+00:00\" \/>\n<meta property=\"og:image\" content=\"https:\/\/eyeseetec.de\/wp-content\/uploads\/2022\/02\/logo-eyeseetec.png\" \/>\n\t<meta property=\"og:image:width\" content=\"1015\" \/>\n\t<meta property=\"og:image:height\" content=\"378\" \/>\n\t<meta property=\"og:image:type\" content=\"image\/png\" \/>\n<meta name=\"twitter:card\" content=\"summary_large_image\" \/>\n<meta name=\"twitter:label1\" content=\"Gesch\u00e4tzte Lesezeit\" \/>\n\t<meta name=\"twitter:data1\" content=\"1\u00a0Minute\" \/>\n<script type=\"application\/ld+json\" class=\"yoast-schema-graph\">{\"@context\":\"https:\/\/schema.org\",\"@graph\":[{\"@type\":\"WebPage\",\"@id\":\"https:\/\/eyeseetec.de\/de\/impressum\/\",\"url\":\"https:\/\/eyeseetec.de\/de\/impressum\/\",\"name\":\"Impressum - EyeSeeTec GmbH\",\"isPartOf\":{\"@id\":\"https:\/\/eyeseetec.de\/de\/#website\"},\"datePublished\":\"2021-05-25T10:22:27+00:00\",\"dateModified\":\"2021-06-30T12:36:46+00:00\",\"breadcrumb\":{\"@id\":\"https:\/\/eyeseetec.de\/de\/impressum\/#breadcrumb\"},\"inLanguage\":\"de\",\"potentialAction\":[{\"@type\":\"ReadAction\",\"target\":[\"https:\/\/eyeseetec.de\/de\/impressum\/\"]}]},{\"@type\":\"BreadcrumbList\",\"@id\":\"https:\/\/eyeseetec.de\/de\/impressum\/#breadcrumb\",\"itemListElement\":[{\"@type\":\"ListItem\",\"position\":1,\"name\":\"Startseite\",\"item\":\"https:\/\/eyeseetec.de\/de\/\"},{\"@type\":\"ListItem\",\"position\":2,\"name\":\"Impressum\"}]},{\"@type\":\"WebSite\",\"@id\":\"https:\/\/eyeseetec.de\/de\/#website\",\"url\":\"https:\/\/eyeseetec.de\/de\/\",\"name\":\"EyeSeeTec GmbH\",\"description\":\"\",\"publisher\":{\"@id\":\"https:\/\/eyeseetec.de\/de\/#organization\"},\"potentialAction\":[{\"@type\":\"SearchAction\",\"target\":{\"@type\":\"EntryPoint\",\"urlTemplate\":\"https:\/\/eyeseetec.de\/de\/?s={search_term_string}\"},\"query-input\":\"required name=search_term_string\"}],\"inLanguage\":\"de\"},{\"@type\":\"Organization\",\"@id\":\"https:\/\/eyeseetec.de\/de\/#organization\",\"name\":\"EyeSeeTec GmbH\",\"url\":\"https:\/\/eyeseetec.de\/de\/\",\"logo\":{\"@type\":\"ImageObject\",\"inLanguage\":\"de\",\"@id\":\"https:\/\/eyeseetec.de\/de\/#\/schema\/logo\/image\/\",\"url\":\"https:\/\/eyeseetec.de\/wp-content\/uploads\/2021\/05\/logo-eyeseetec.svg\",\"contentUrl\":\"https:\/\/eyeseetec.de\/wp-content\/uploads\/2021\/05\/logo-eyeseetec.svg\",\"caption\":\"EyeSeeTec GmbH\"},\"image\":{\"@id\":\"https:\/\/eyeseetec.de\/de\/#\/schema\/logo\/image\/\"}}]}<\/script>\n<!-- \/ Yoast SEO plugin. -->","yoast_head_json":{"title":"Impressum - EyeSeeTec GmbH","robots":{"index":"index","follow":"follow","max-snippet":"max-snippet:-1","max-image-preview":"max-image-preview:large","max-video-preview":"max-video-preview:-1"},"canonical":"https:\/\/eyeseetec.de\/de\/impressum\/","og_locale":"de_DE","og_type":"article","og_title":"Impressum - EyeSeeTec GmbH","og_description":"Impressum EyeSeeTec GmbHNeumarkter Stra\u00dfe 84c81673 M\u00fcnchenDeutschland Tel: +49 089 215461490Fax: +49 089 215461491Email: info@eyeseetec.de Gesch\u00e4ftsf\u00fchrer: Prof. Dr. Erich Schneider Die EyeSeeTec GmbH ist eine Gesellschaft mit beschr\u00e4nkter Haftung deutschen Rechtes. Sie ist beim Handelsregister des Amtsgericht M\u00fcnchen unter HRB 204088 eingetragen.Die Umsatzssteueridentifikationsnummer ist DE 288900417 Angaben gem\u00e4\u00df \u00a7 5 TMG: EyeSeeTec GmbH Postanschrift: Neumarkter Stra\u00dfe [&hellip;]","og_url":"https:\/\/eyeseetec.de\/de\/impressum\/","og_site_name":"EyeSeeTec GmbH","article_modified_time":"2021-06-30T12:36:46+00:00","og_image":[{"width":1015,"height":378,"url":"https:\/\/eyeseetec.de\/wp-content\/uploads\/2022\/02\/logo-eyeseetec.png","type":"image\/png"}],"twitter_card":"summary_large_image","twitter_misc":{"Gesch\u00e4tzte Lesezeit":"1\u00a0Minute"},"schema":{"@context":"https:\/\/schema.org","@graph":[{"@type":"WebPage","@id":"https:\/\/eyeseetec.de\/de\/impressum\/","url":"https:\/\/eyeseetec.de\/de\/impressum\/","name":"Impressum - EyeSeeTec GmbH","isPartOf":{"@id":"https:\/\/eyeseetec.de\/de\/#website"},"datePublished":"2021-05-25T10:22:27+00:00","dateModified":"2021-06-30T12:36:46+00:00","breadcrumb":{"@id":"https:\/\/eyeseetec.de\/de\/impressum\/#breadcrumb"},"inLanguage":"de","potentialAction":[{"@type":"ReadAction","target":["https:\/\/eyeseetec.de\/de\/impressum\/"]}]},{"@type":"BreadcrumbList","@id":"https:\/\/eyeseetec.de\/de\/impressum\/#breadcrumb","itemListElement":[{"@type":"ListItem","position":1,"name":"Startseite","item":"https:\/\/eyeseetec.de\/de\/"},{"@type":"ListItem","position":2,"name":"Impressum"}]},{"@type":"WebSite","@id":"https:\/\/eyeseetec.de\/de\/#website","url":"https:\/\/eyeseetec.de\/de\/","name":"EyeSeeTec GmbH","description":"","publisher":{"@id":"https:\/\/eyeseetec.de\/de\/#organization"},"potentialAction":[{"@type":"SearchAction","target":{"@type":"EntryPoint","urlTemplate":"https:\/\/eyeseetec.de\/de\/?s={search_term_string}"},"query-input":"required name=search_term_string"}],"inLanguage":"de"},{"@type":"Organization","@id":"https:\/\/eyeseetec.de\/de\/#organization","name":"EyeSeeTec GmbH","url":"https:\/\/eyeseetec.de\/de\/","logo":{"@type":"ImageObject","inLanguage":"de","@id":"https:\/\/eyeseetec.de\/de\/#\/schema\/logo\/image\/","url":"https:\/\/eyeseetec.de\/wp-content\/uploads\/2021\/05\/logo-eyeseetec.svg","contentUrl":"https:\/\/eyeseetec.de\/wp-content\/uploads\/2021\/05\/logo-eyeseetec.svg","caption":"EyeSeeTec GmbH"},"image":{"@id":"https:\/\/eyeseetec.de\/de\/#\/schema\/logo\/image\/"}}]}},"_links":{"self":[{"href":"https:\/\/eyeseetec.de\/de\/wp-json\/wp\/v2\/pages\/135","targetHints":{"allow":["GET"]}}],"collection":[{"href":"https:\/\/eyeseetec.de\/de\/wp-json\/wp\/v2\/pages"}],"about":[{"href":"https:\/\/eyeseetec.de\/de\/wp-json\/wp\/v2\/types\/page"}],"author":[{"embeddable":true,"href":"https:\/\/eyeseetec.de\/de\/wp-json\/wp\/v2\/users\/1"}],"replies":[{"embeddable":true,"href":"https:\/\/eyeseetec.de\/de\/wp-json\/wp\/v2\/comments?post=135"}],"version-history":[{"count":25,"href":"https:\/\/eyeseetec.de\/de\/wp-json\/wp\/v2\/pages\/135\/revisions"}],"predecessor-version":[{"id":1056,"href":"https:\/\/eyeseetec.de\/de\/wp-json\/wp\/v2\/pages\/135\/revisions\/1056"}],"wp:attachment":[{"href":"https:\/\/eyeseetec.de\/de\/wp-json\/wp\/v2\/media?parent=135"}],"curies":[{"name":"wp","href":"https:\/\/api.w.org\/{rel}","templated":true}]}}