{"id":137,"date":"2021-05-25T12:22:40","date_gmt":"2021-05-25T10:22:40","guid":{"rendered":"http:\/\/new.eyeseetec.de\/?page_id=137"},"modified":"2022-02-09T11:40:58","modified_gmt":"2022-02-09T10:40:58","slug":"datenschutz","status":"publish","type":"page","link":"https:\/\/eyeseetec.de\/de\/datenschutz\/","title":{"rendered":"Datenschutz"},"content":{"rendered":"\t\t<div data-elementor-type=\"wp-page\" data-elementor-id=\"137\" class=\"elementor elementor-137\">\n\t\t\t\t\t\t\t\t\t<section class=\"elementor-section elementor-top-section elementor-element elementor-element-39e98bd elementor-section-boxed elementor-section-height-default elementor-section-height-default\" data-id=\"39e98bd\" data-element_type=\"section\">\n\t\t\t\t\t\t<div class=\"elementor-container elementor-column-gap-default\">\n\t\t\t\t\t<div class=\"elementor-column elementor-col-16 elementor-top-column elementor-element elementor-element-f43d0dd\" data-id=\"f43d0dd\" data-element_type=\"column\">\n\t\t\t<div class=\"elementor-widget-wrap\">\n\t\t\t\t\t\t\t\t\t<\/div>\n\t\t<\/div>\n\t\t\t\t<div class=\"elementor-column elementor-col-66 elementor-top-column elementor-element elementor-element-f68b348\" data-id=\"f68b348\" data-element_type=\"column\">\n\t\t\t<div class=\"elementor-widget-wrap elementor-element-populated\">\n\t\t\t\t\t\t\t\t<div class=\"elementor-element elementor-element-e795af7 elementor-widget elementor-widget-heading\" data-id=\"e795af7\" data-element_type=\"widget\" data-widget_type=\"heading.default\">\n\t\t\t\t<div class=\"elementor-widget-container\">\n\t\t\t<h1 class=\"elementor-heading-title elementor-size-default\">Datenschutz<\/h1>\t\t<\/div>\n\t\t\t\t<\/div>\n\t\t\t\t<div class=\"elementor-element elementor-element-c808be5 elementor-widget elementor-widget-text-editor\" data-id=\"c808be5\" data-element_type=\"widget\" data-widget_type=\"text-editor.default\">\n\t\t\t\t<div class=\"elementor-widget-container\">\n\t\t\t\t\t\t\t<p>In dieser Datenschutzerkl\u00e4rung informieren wir Sie \u00fcber Art, Umfang und Zweck der Verarbeitung Ihrer personenbezogenen Daten durch die EyeSeeTec GmbH, Neumarkter Stra\u00dfe 84c, 81673 M\u00fcnchen (\u201ewir\u201c), im Zusammenhang mit der Nutzung unserer Website und unseres Online-Angebotes.<\/p><p>Wir beziehen uns auf die Begrifflichkeiten, die in der Datenschutzgrundverordnung (DSGVO) definiert werden.<\/p><p>Verantwortlicher im Sinne der Datenschutzgesetze, insbesondere der EU-Datenschutzgrundverordnung (DSGVO), ist:<\/p><p>EyeSeeTec GmbH<br \/>Neumarkter Str. 84c<br \/>81673 M\u00fcnchen<br \/>Deutschland<\/p><p>Tel: +49 089 215461490<br \/>Fax: +49 089 215461491<br \/>Email: <a href=\"mailto:info@eyeseetec.de\">info@eyeseetec.de<\/a><\/p><h3>Welche Daten verarbeiten wir?<\/h3><p>Wir verarbeiten personenbezogene Daten, die wir im Rahmen Ihrer Nutzung unseres Onlineangebotes von Ihnen erhalten oder erheben, oder die wir im Rahmen Ihrer Kontaktaufnahme mit uns (wie beispielsweise Support-Anfragen, Interessensbekundung an unseren Produkten, etc.) von Ihnen erhalten oder erheben.<\/p><p>Zu den relevanten personenbezogenen Daten geh\u00f6ren in der Regel etwa Personalien (Name, Adresse und andere Kontaktdaten (z.B. Telefon, E-Mail), zudem Inhaltsdaten (z.B., Texteingaben bei Kontaktaufnahme, m\u00fcndliche Aussagen), Nutzungsdaten (z.B., besuchte Webseiten), sowie Meta-\/Kommunikationsdaten (z.B., Ger\u00e4te-Informationen, IP-Adressen, verwendeter Browser).<\/p><h4>Betroffene Personen-Kategorien<\/h4><p>Besucher der Website und Nutzer des Onlineangebotes (Nachfolgend bezeichnen wir die betroffenen Personen zusammenfassend auch als \u201eNutzer\u201c).<\/p><h3>Rechte der betroffenen Personen<\/h3><p>Sie haben folgende Rechte:<\/p><p>Widerrufsrecht: Sie haben das Recht, eine von Ihnen erteilte Einwilligung zu widerrufen (Artikel 7 Absatz 3 DSGVO).<\/p><p>Auskunftsrecht: Sie haben das Recht, Auskunft zu verlangen, ob Daten verarbeitet werden; sowie Auskunft \u00fcber verarbeitete Daten. Sie k\u00f6nnen weitere Informationen anfordern und eine Kopie der betroffenen Daten (Artikel 15 DSGVO).<\/p><p>Korrektur- und Vervollst\u00e4ndigungsrecht: Sie haben das Recht zu verlangen, dass wir Daten die Sie betreffen vervollst\u00e4ndigen, oder im Falle unrichtiger Daten, diese zu korrigieren (Artikel 16 DSGVO)<\/p><p>L\u00f6schung von Daten: Sie haben das Recht, die L\u00f6schung betreffender Daten zu verlangen, oder eine Einschr\u00e4nkung der Datenverarbeitung zu verlangen (Artikel 17 und 18 DSGVO).<\/p><p>\u00dcbermittlung von Daten: Sie haben das Recht die \u00dcbermittlung der Daten, die Sie uns bereitgestellt haben, zu verlangen (Artikel 20 DSGVO).<\/p><p>Widerspruchsrecht: Sie k\u00f6nnen zuk\u00fcnftiger Verarbeitung von Daten, die Sie betreffen, widersprechen. Insbesondere gilt dies, wenn diese Daten f\u00fcr Zwecke der Direktwerbung erfolgen (Artikel 21 DSGVO).<\/p><p>Beschwerderecht: Sie haben das Recht, Beschwerde bei der Aufsichtsbeh\u00f6rde einzureichen (Artikel 77 DSGVO).<\/p><p>Unter folgendem Link finden Sie eine Liste mit Aufsichtsbeh\u00f6rden: <a href=\"https:\/\/www.bfdi.bund.de\/DE\/Service\/Anschriften\/Laender\/Laender-node.html\" target=\"_blank\" rel=\"noopener nofollow\">https:\/\/www.bfdi.bund.de\/DE\/Service\/Anschriften\/Laender\/Laender<\/a><\/p><h3>VERARBEITUNG ALLGEMEINER DATEN BEIM NUTZEN UNSERER WEBSITE<\/h3><p>Grunds\u00e4tzlich k\u00f6nnen Sie unsere Website ohne Angabe personenbezogener Daten nutzen. Bei jeder Nutzung der Webseite werden von Ihrem Internet-Browser automatisch bestimmte Informationen \u00fcbermittelt.\u00a0Wir, bzw. unser Hosting-Anbieter Domainfactory erhebt Meta-Daten bei Zugriff auf unsere Website bzw. bei Zugriff auf den Server von Domainfactory. Dazu geh\u00f6ren Daten \u00fcber die aufgerufene Website, Dateien, Datum, Uhrzeit, verwendeter Browser, Betriefssystem des Nutzers, verweisende URL, sowie IP-Adresse.<\/p><p>Sie werden zu folgenden Zwecken verarbeitet:<\/p><ul><li>Verbindungsaufbau mit unserer Website<\/li><li>Nutzung unserer Website<\/li><li>Systemsicherheit und Optimierung der Website<\/li><\/ul><p>Wir verwenden diese Daten nicht, um R\u00fcckschl\u00fcsse auf Ihre Person zu ziehen.<\/p><p>Dies erfolgt auf der Grundlage unseres berechtigten Interesses (Artikel 6 Absatz 1 Buchstabe f DSGVO) zum sicheren Betrieb des Online-Angebotes.<\/p><p>Wir nutzen einen Hosting-Dienstleister, der f\u00fcr uns die Infrastruktur zum Anbieten unseres Online-Angebotes zur Verf\u00fcgung stellt. Dies beinhaltet Speicherplatz, Datenbank, E-Mail-Versand, Wartung, Rechenkapazit\u00e4t und weitere Dienste die f\u00fcr den Betrieb des Angebotes technisch erforderlich sind. Die f\u00fcr den Betrieb n\u00f6tigen Informationen werden vom Hosting-Dienstleister verarbeitet.<\/p><p>Die Daten werden gel\u00f6scht, sobald sie f\u00fcr den Zweck der Erhebung nicht mehr erforderlich sind. Da die Meta-Daten zum Betrieb des Online-Angebotes erforderlich sind, ist Widerspruch ausgeschlossen.<\/p><h3>WP Statistics<\/h3><p>Diese Webseite nutzt das WordPress Analyse Plugin WP Statistics. Anbieter dieses Plugins ist wp-statistics.com. Aus den Daten werden in anonymisierter Form einfache Statistiken erstellt. Dazu werden keine Nutzungsprofile erstellt und auch keine Cookies gesetzt. S\u00e4mtliche von WP Statistics erhobenen Daten werden vollst\u00e4ndig anonymisiert auf diesem Webserver gespeichert. Eine pers\u00f6nliche Identifizierung eines Besuchers ist somit, auch nachtr\u00e4glich, nicht m\u00f6glich.<\/p><h3>Cookies<\/h3><p>Cookies sind Dateien, die auf Ihrem Endger\u00e4t gespeichert werden. Wir wenden Cookies bewusst nicht zur Nachverfolgung Ihrer Person; wir verwenden sie ausschlie\u00dflich um unsere Website nutzerfreundlich zu gestalten. Konkret wird ein Cookie verwendet, um die Spracheinstellung des Nutzers zu speichern.<\/p><p>Dies erfolgt auf der Grundlage unseres berechtigten Interesses (Artikel 6 Absatz 1 Buchstabe f DSGVO) zum nutzerfreundlichen Betrieb unserer Website.<\/p><p>Sie k\u00f6nnen Cookies mithilfe der entsprechenden Funktion Ihres Browsers l\u00f6schen.<\/p><h3>Kontaktaufnahme<\/h3><p>Wenn Sie mit uns Kontakt aufnehmen (per Kontaktformular, email, oder \u00fcber die angegebene Telefon- bzw. Faxnummer), so werden Ihre Angaben zur Bearbeitung der Kontaktanfrage gespeichert. Dies dient insbesondere der Beantwortung der Kontaktanfrage, und der Pflege vertraglicher oder vorvertraglicher Beziehungen. Diese Anfragen k\u00f6nnen in unserem CRM-System gespeichert werden. Dar\u00fcber hinaus speichern wir Feedback zu unseren Produkten, um deren Pflege und Verbesserung sicherzustellen; insbesondere im Bereich Produktsicherheit. Die Speicherung erfolgt nach der Erforderlichkeit (durch Produktentwicklungs- und Produktwartungs-Anforderungen) sowie nach gesetzlichen Aufbewahrungsfristen.<\/p><p>Insbesondere ist die Angabe einer g\u00fcltigen Emailadresse erforderlich (be Kontaktaufnahme \u00fcber email oder das Kontaktformular), damit wir die Anfrage beantworten k\u00f6nnen. \u00a0Weitere Informationen Ihr Anliegen betreffend sind ebenfalls n\u00f6tig.<\/p><p>Die Verarbeitung der in das Kontaktformular eingegebenen Daten erfolgt auf der Grundlage eines berechtigten Interesses (Artikel 6 Absatz 1 Buchstabe f DSGVO), die Kommunikation mit Ihnen durchzuf\u00fchren.<\/p><p>Sofern Sie mit uns Kontakt aufnehmen, um ein Angebot zu erfragen, erfolgt die Verarbeitung der in das Kontaktformular eingegebenen Daten zur Durchf\u00fchrung vorvertraglicher Ma\u00dfnahmen, nach Artikel 6 Absatz 1 Buchstabe b DSGVO.<\/p><p>Die Bereitstellung Ihrer Daten erfolgt freiwillig.<\/p><p>Wir l\u00f6schen Ihre Daten, sobald die Speicherung keinem berechtigten Zwecke mehr dient. In Bezug auf Produktentwicklung und Produktsicherheit sind wir u.U. verpflichtet, Inhalte von Support-Anfragen und Beschwerden f\u00fcr einen Zeitraum \u00fcber die Produktlebenszeit hinaus zu speichern. Sofern es zu einem Vertragsverh\u00e4ltnis kommt, unterliegen wir den gesetzlichen Aufbewahrungsfristen nach HGB und l\u00f6schen Ihre Daten nach Ablauf dieser Fristen.<\/p><h3>Reichweitenmessung und Betrieb der Website<\/h3><p>Zur Reichweitenmessung und zur Verbesserung unserer Website speichern wir anonymisierte Nutzerdaten (Website-Zugriffe, Geolokalisation aufgrund IP-Adressen, Datum, und Zeit des Zugriffes, Browsertyp, Version und Betriebssystem). Die vollst\u00e4ndige IP-Adresse wird nicht gespeichert, so dass eine pers\u00f6nliche Zuordnung nicht m\u00f6glich ist.<\/p><p>Die Verarbeitung der Daten erfolgt auf der Grundlage eines berechtigten Interesses (Artikel 6 Absatz 1 Buchstabe f DSGVO), unsere Website zu verbessern, und unsere Reichweite zu ermitteln.<\/p><h3>Technische und organisatorische Ma\u00dfnahmen zur Datensicherheit<\/h3><p>F\u00fcr Datensicherheit bei der \u00dcbertragung verwenden wir ein dem aktuellen Stand der Technik entsprechendes Verschl\u00fcsselungsverfahren: SSL \u00fcber HTTPS<\/p><h3>\u00c4nderung unserer Datenschutz-Bestimmungen<\/h3><p>Wir passen diese Datenschutzerkl\u00e4rung regelm\u00e4\u00dfig an, etwa um sie einem ge\u00e4nderten Online-Angebot anzupassen. F\u00fcr Ihren Besuch gilt jeweils die aktuelle Fassung unserer Datenschutzerkl\u00e4rung.<\/p><h3>Fragen<\/h3><p>Wenn Sie Fragen zum Datenschutz haben, kontaktieren Sie uns bitte per email:<\/p><p><a href=\"mailto:info@eyeseetec.de\">info@eyeseetec.de<\/a><\/p>\t\t\t\t\t\t<\/div>\n\t\t\t\t<\/div>\n\t\t\t\t<div class=\"elementor-element elementor-element-ff2593d elementor-widget elementor-widget-spacer\" data-id=\"ff2593d\" data-element_type=\"widget\" data-widget_type=\"spacer.default\">\n\t\t\t\t<div class=\"elementor-widget-container\">\n\t\t\t\t\t<div class=\"elementor-spacer\">\n\t\t\t<div class=\"elementor-spacer-inner\"><\/div>\n\t\t<\/div>\n\t\t\t\t<\/div>\n\t\t\t\t<\/div>\n\t\t\t\t\t<\/div>\n\t\t<\/div>\n\t\t\t\t<div class=\"elementor-column elementor-col-16 elementor-top-column elementor-element elementor-element-b9b0de0\" data-id=\"b9b0de0\" data-element_type=\"column\">\n\t\t\t<div class=\"elementor-widget-wrap\">\n\t\t\t\t\t\t\t\t\t<\/div>\n\t\t<\/div>\n\t\t\t\t\t\t\t<\/div>\n\t\t<\/section>\n\t\t\t\t\t\t\t<\/div>\n\t\t","protected":false},"excerpt":{"rendered":"<p>Datenschutz In dieser Datenschutzerkl\u00e4rung informieren wir Sie \u00fcber Art, Umfang und Zweck der Verarbeitung Ihrer personenbezogenen Daten durch die EyeSeeTec GmbH, Neumarkter Stra\u00dfe 84c, 81673 M\u00fcnchen (\u201ewir\u201c), im Zusammenhang mit der Nutzung unserer Website und unseres Online-Angebotes. Wir beziehen uns auf die Begrifflichkeiten, die in der Datenschutzgrundverordnung (DSGVO) definiert werden. Verantwortlicher im Sinne der Datenschutzgesetze, [&hellip;]<\/p>\n","protected":false},"author":1,"featured_media":0,"parent":0,"menu_order":0,"comment_status":"closed","ping_status":"closed","template":"","meta":{"footnotes":""},"class_list":["post-137","page","type-page","status-publish","hentry"],"yoast_head":"<!-- This site is optimized with the Yoast SEO plugin v19.9 - https:\/\/yoast.com\/wordpress\/plugins\/seo\/ -->\n<title>Datenschutz - EyeSeeTec GmbH<\/title>\n<meta name=\"robots\" content=\"index, follow, max-snippet:-1, max-image-preview:large, max-video-preview:-1\" \/>\n<link rel=\"canonical\" href=\"https:\/\/eyeseetec.de\/de\/datenschutz\/\" \/>\n<meta property=\"og:locale\" content=\"de_DE\" \/>\n<meta property=\"og:type\" content=\"article\" \/>\n<meta property=\"og:title\" content=\"Datenschutz - EyeSeeTec GmbH\" \/>\n<meta property=\"og:description\" content=\"Datenschutz In dieser Datenschutzerkl\u00e4rung informieren wir Sie \u00fcber Art, Umfang und Zweck der Verarbeitung Ihrer personenbezogenen Daten durch die EyeSeeTec GmbH, Neumarkter Stra\u00dfe 84c, 81673 M\u00fcnchen (\u201ewir\u201c), im Zusammenhang mit der Nutzung unserer Website und unseres Online-Angebotes. Wir beziehen uns auf die Begrifflichkeiten, die in der Datenschutzgrundverordnung (DSGVO) definiert werden. Verantwortlicher im Sinne der Datenschutzgesetze, [&hellip;]\" \/>\n<meta property=\"og:url\" content=\"https:\/\/eyeseetec.de\/de\/datenschutz\/\" \/>\n<meta property=\"og:site_name\" content=\"EyeSeeTec GmbH\" \/>\n<meta property=\"article:modified_time\" content=\"2022-02-09T10:40:58+00:00\" \/>\n<meta property=\"og:image\" content=\"https:\/\/eyeseetec.de\/wp-content\/uploads\/2022\/02\/logo-eyeseetec.png\" \/>\n\t<meta property=\"og:image:width\" content=\"1015\" \/>\n\t<meta property=\"og:image:height\" content=\"378\" \/>\n\t<meta property=\"og:image:type\" content=\"image\/png\" \/>\n<meta name=\"twitter:card\" content=\"summary_large_image\" \/>\n<meta name=\"twitter:label1\" content=\"Gesch\u00e4tzte Lesezeit\" \/>\n\t<meta name=\"twitter:data1\" content=\"6\u00a0Minuten\" \/>\n<script type=\"application\/ld+json\" class=\"yoast-schema-graph\">{\"@context\":\"https:\/\/schema.org\",\"@graph\":[{\"@type\":\"WebPage\",\"@id\":\"https:\/\/eyeseetec.de\/de\/datenschutz\/\",\"url\":\"https:\/\/eyeseetec.de\/de\/datenschutz\/\",\"name\":\"Datenschutz - EyeSeeTec GmbH\",\"isPartOf\":{\"@id\":\"https:\/\/eyeseetec.de\/de\/#website\"},\"datePublished\":\"2021-05-25T10:22:40+00:00\",\"dateModified\":\"2022-02-09T10:40:58+00:00\",\"breadcrumb\":{\"@id\":\"https:\/\/eyeseetec.de\/de\/datenschutz\/#breadcrumb\"},\"inLanguage\":\"de\",\"potentialAction\":[{\"@type\":\"ReadAction\",\"target\":[\"https:\/\/eyeseetec.de\/de\/datenschutz\/\"]}]},{\"@type\":\"BreadcrumbList\",\"@id\":\"https:\/\/eyeseetec.de\/de\/datenschutz\/#breadcrumb\",\"itemListElement\":[{\"@type\":\"ListItem\",\"position\":1,\"name\":\"Startseite\",\"item\":\"https:\/\/eyeseetec.de\/de\/\"},{\"@type\":\"ListItem\",\"position\":2,\"name\":\"Datenschutz\"}]},{\"@type\":\"WebSite\",\"@id\":\"https:\/\/eyeseetec.de\/de\/#website\",\"url\":\"https:\/\/eyeseetec.de\/de\/\",\"name\":\"EyeSeeTec GmbH\",\"description\":\"\",\"publisher\":{\"@id\":\"https:\/\/eyeseetec.de\/de\/#organization\"},\"potentialAction\":[{\"@type\":\"SearchAction\",\"target\":{\"@type\":\"EntryPoint\",\"urlTemplate\":\"https:\/\/eyeseetec.de\/de\/?s={search_term_string}\"},\"query-input\":\"required name=search_term_string\"}],\"inLanguage\":\"de\"},{\"@type\":\"Organization\",\"@id\":\"https:\/\/eyeseetec.de\/de\/#organization\",\"name\":\"EyeSeeTec GmbH\",\"url\":\"https:\/\/eyeseetec.de\/de\/\",\"logo\":{\"@type\":\"ImageObject\",\"inLanguage\":\"de\",\"@id\":\"https:\/\/eyeseetec.de\/de\/#\/schema\/logo\/image\/\",\"url\":\"https:\/\/eyeseetec.de\/wp-content\/uploads\/2021\/05\/logo-eyeseetec.svg\",\"contentUrl\":\"https:\/\/eyeseetec.de\/wp-content\/uploads\/2021\/05\/logo-eyeseetec.svg\",\"caption\":\"EyeSeeTec GmbH\"},\"image\":{\"@id\":\"https:\/\/eyeseetec.de\/de\/#\/schema\/logo\/image\/\"}}]}<\/script>\n<!-- \/ Yoast SEO plugin. -->","yoast_head_json":{"title":"Datenschutz - EyeSeeTec GmbH","robots":{"index":"index","follow":"follow","max-snippet":"max-snippet:-1","max-image-preview":"max-image-preview:large","max-video-preview":"max-video-preview:-1"},"canonical":"https:\/\/eyeseetec.de\/de\/datenschutz\/","og_locale":"de_DE","og_type":"article","og_title":"Datenschutz - EyeSeeTec GmbH","og_description":"Datenschutz In dieser Datenschutzerkl\u00e4rung informieren wir Sie \u00fcber Art, Umfang und Zweck der Verarbeitung Ihrer personenbezogenen Daten durch die EyeSeeTec GmbH, Neumarkter Stra\u00dfe 84c, 81673 M\u00fcnchen (\u201ewir\u201c), im Zusammenhang mit der Nutzung unserer Website und unseres Online-Angebotes. Wir beziehen uns auf die Begrifflichkeiten, die in der Datenschutzgrundverordnung (DSGVO) definiert werden. Verantwortlicher im Sinne der Datenschutzgesetze, [&hellip;]","og_url":"https:\/\/eyeseetec.de\/de\/datenschutz\/","og_site_name":"EyeSeeTec GmbH","article_modified_time":"2022-02-09T10:40:58+00:00","og_image":[{"width":1015,"height":378,"url":"https:\/\/eyeseetec.de\/wp-content\/uploads\/2022\/02\/logo-eyeseetec.png","type":"image\/png"}],"twitter_card":"summary_large_image","twitter_misc":{"Gesch\u00e4tzte Lesezeit":"6\u00a0Minuten"},"schema":{"@context":"https:\/\/schema.org","@graph":[{"@type":"WebPage","@id":"https:\/\/eyeseetec.de\/de\/datenschutz\/","url":"https:\/\/eyeseetec.de\/de\/datenschutz\/","name":"Datenschutz - EyeSeeTec GmbH","isPartOf":{"@id":"https:\/\/eyeseetec.de\/de\/#website"},"datePublished":"2021-05-25T10:22:40+00:00","dateModified":"2022-02-09T10:40:58+00:00","breadcrumb":{"@id":"https:\/\/eyeseetec.de\/de\/datenschutz\/#breadcrumb"},"inLanguage":"de","potentialAction":[{"@type":"ReadAction","target":["https:\/\/eyeseetec.de\/de\/datenschutz\/"]}]},{"@type":"BreadcrumbList","@id":"https:\/\/eyeseetec.de\/de\/datenschutz\/#breadcrumb","itemListElement":[{"@type":"ListItem","position":1,"name":"Startseite","item":"https:\/\/eyeseetec.de\/de\/"},{"@type":"ListItem","position":2,"name":"Datenschutz"}]},{"@type":"WebSite","@id":"https:\/\/eyeseetec.de\/de\/#website","url":"https:\/\/eyeseetec.de\/de\/","name":"EyeSeeTec GmbH","description":"","publisher":{"@id":"https:\/\/eyeseetec.de\/de\/#organization"},"potentialAction":[{"@type":"SearchAction","target":{"@type":"EntryPoint","urlTemplate":"https:\/\/eyeseetec.de\/de\/?s={search_term_string}"},"query-input":"required name=search_term_string"}],"inLanguage":"de"},{"@type":"Organization","@id":"https:\/\/eyeseetec.de\/de\/#organization","name":"EyeSeeTec GmbH","url":"https:\/\/eyeseetec.de\/de\/","logo":{"@type":"ImageObject","inLanguage":"de","@id":"https:\/\/eyeseetec.de\/de\/#\/schema\/logo\/image\/","url":"https:\/\/eyeseetec.de\/wp-content\/uploads\/2021\/05\/logo-eyeseetec.svg","contentUrl":"https:\/\/eyeseetec.de\/wp-content\/uploads\/2021\/05\/logo-eyeseetec.svg","caption":"EyeSeeTec GmbH"},"image":{"@id":"https:\/\/eyeseetec.de\/de\/#\/schema\/logo\/image\/"}}]}},"_links":{"self":[{"href":"https:\/\/eyeseetec.de\/de\/wp-json\/wp\/v2\/pages\/137","targetHints":{"allow":["GET"]}}],"collection":[{"href":"https:\/\/eyeseetec.de\/de\/wp-json\/wp\/v2\/pages"}],"about":[{"href":"https:\/\/eyeseetec.de\/de\/wp-json\/wp\/v2\/types\/page"}],"author":[{"embeddable":true,"href":"https:\/\/eyeseetec.de\/de\/wp-json\/wp\/v2\/users\/1"}],"replies":[{"embeddable":true,"href":"https:\/\/eyeseetec.de\/de\/wp-json\/wp\/v2\/comments?post=137"}],"version-history":[{"count":31,"href":"https:\/\/eyeseetec.de\/de\/wp-json\/wp\/v2\/pages\/137\/revisions"}],"predecessor-version":[{"id":1651,"href":"https:\/\/eyeseetec.de\/de\/wp-json\/wp\/v2\/pages\/137\/revisions\/1651"}],"wp:attachment":[{"href":"https:\/\/eyeseetec.de\/de\/wp-json\/wp\/v2\/media?parent=137"}],"curies":[{"name":"wp","href":"https:\/\/api.w.org\/{rel}","templated":true}]}}