{"id":23,"date":"2021-05-20T18:11:28","date_gmt":"2021-05-20T16:11:28","guid":{"rendered":"http:\/\/new.eyeseetec.de\/?page_id=23"},"modified":"2022-02-14T12:39:36","modified_gmt":"2022-02-14T11:39:36","slug":"kontakt","status":"publish","type":"page","link":"https:\/\/eyeseetec.de\/de\/kontakt\/","title":{"rendered":"Kontakt"},"content":{"rendered":"\t\t<div data-elementor-type=\"wp-page\" data-elementor-id=\"23\" class=\"elementor elementor-23\">\n\t\t\t\t\t\t\t\t\t<section class=\"elementor-section elementor-top-section elementor-element elementor-element-fd9548e elementor-section-boxed elementor-section-height-default elementor-section-height-default\" data-id=\"fd9548e\" data-element_type=\"section\">\n\t\t\t\t\t\t<div class=\"elementor-container elementor-column-gap-default\">\n\t\t\t\t\t<div class=\"elementor-column elementor-col-100 elementor-top-column elementor-element elementor-element-595ce8b\" data-id=\"595ce8b\" data-element_type=\"column\">\n\t\t\t<div class=\"elementor-widget-wrap elementor-element-populated\">\n\t\t\t\t\t\t\t\t<div class=\"elementor-element elementor-element-e3a1705 elementor-widget elementor-widget-heading\" data-id=\"e3a1705\" data-element_type=\"widget\" data-widget_type=\"heading.default\">\n\t\t\t\t<div class=\"elementor-widget-container\">\n\t\t\t<h1 class=\"elementor-heading-title elementor-size-default\">Kontakt<\/h1>\t\t<\/div>\n\t\t\t\t<\/div>\n\t\t\t\t<div class=\"elementor-element elementor-element-b073d99 elementor-widget elementor-widget-text-editor\" data-id=\"b073d99\" data-element_type=\"widget\" data-widget_type=\"text-editor.default\">\n\t\t\t\t<div class=\"elementor-widget-container\">\n\t\t\t\t\t\t\t<p>Wir freuen uns, wenn Sie sich mit uns in Verbindung setzen. Sie k\u00f6nnen das Kontaktformular nutzen oder sich per E-Mail oder Telefon an uns wenden.<\/p>\t\t\t\t\t\t<\/div>\n\t\t\t\t<\/div>\n\t\t\t\t<div class=\"elementor-element elementor-element-24b9a8a elementor-widget elementor-widget-spacer\" data-id=\"24b9a8a\" data-element_type=\"widget\" data-widget_type=\"spacer.default\">\n\t\t\t\t<div class=\"elementor-widget-container\">\n\t\t\t\t\t<div class=\"elementor-spacer\">\n\t\t\t<div class=\"elementor-spacer-inner\"><\/div>\n\t\t<\/div>\n\t\t\t\t<\/div>\n\t\t\t\t<\/div>\n\t\t\t\t\t<\/div>\n\t\t<\/div>\n\t\t\t\t\t\t\t<\/div>\n\t\t<\/section>\n\t\t\t\t<section class=\"elementor-section elementor-top-section elementor-element elementor-element-371ffb4 elementor-section-boxed elementor-section-height-default elementor-section-height-default\" data-id=\"371ffb4\" data-element_type=\"section\">\n\t\t\t\t\t\t<div class=\"elementor-container elementor-column-gap-default\">\n\t\t\t\t\t<div class=\"elementor-column elementor-col-50 elementor-top-column elementor-element elementor-element-20fe00e\" data-id=\"20fe00e\" data-element_type=\"column\">\n\t\t\t<div class=\"elementor-widget-wrap elementor-element-populated\">\n\t\t\t\t\t\t\t\t<div class=\"elementor-element elementor-element-863c725 elementor-widget elementor-widget-text-editor\" data-id=\"863c725\" data-element_type=\"widget\" data-widget_type=\"text-editor.default\">\n\t\t\t\t<div class=\"elementor-widget-container\">\n\t\t\t\t\t\t\t<h4>EyeSeeTec GmbH<\/h4><p>Neumarkter Stra\u00dfe 84c<br \/>81673 M\u00fcnchen<br \/>Deutschland<\/p><p>Tel: +49 089 215461490<br \/>Fax: +49 089 215461491<\/p>\t\t\t\t\t\t<\/div>\n\t\t\t\t<\/div>\n\t\t\t\t<div class=\"elementor-element elementor-element-73b9535 elementor-widget elementor-widget-spacer\" data-id=\"73b9535\" data-element_type=\"widget\" data-widget_type=\"spacer.default\">\n\t\t\t\t<div class=\"elementor-widget-container\">\n\t\t\t\t\t<div class=\"elementor-spacer\">\n\t\t\t<div class=\"elementor-spacer-inner\"><\/div>\n\t\t<\/div>\n\t\t\t\t<\/div>\n\t\t\t\t<\/div>\n\t\t\t\t<div class=\"elementor-element elementor-element-1cf17ae elementor-widget elementor-widget-text-editor\" data-id=\"1cf17ae\" data-element_type=\"widget\" data-widget_type=\"text-editor.default\">\n\t\t\t\t<div class=\"elementor-widget-container\">\n\t\t\t\t\t\t\t<h5>Weitere Ausk\u00fcnfte<\/h5><p>F\u00fcr weitere Ausk\u00fcnfte zum System, Anforderung eines Angebotes, gew\u00fcnschte Beratung, oder allgemeine Anfragen wenden Sie sich an: <br \/><a href=\"mailto:info@eyeseetec.de\">info@eyeseetec.de<\/a><\/p>\t\t\t\t\t\t<\/div>\n\t\t\t\t<\/div>\n\t\t\t\t<div class=\"elementor-element elementor-element-91b4e93 elementor-widget elementor-widget-spacer\" data-id=\"91b4e93\" data-element_type=\"widget\" data-widget_type=\"spacer.default\">\n\t\t\t\t<div class=\"elementor-widget-container\">\n\t\t\t\t\t<div class=\"elementor-spacer\">\n\t\t\t<div class=\"elementor-spacer-inner\"><\/div>\n\t\t<\/div>\n\t\t\t\t<\/div>\n\t\t\t\t<\/div>\n\t\t\t\t<div class=\"elementor-element elementor-element-d4443ce elementor-widget elementor-widget-text-editor\" data-id=\"d4443ce\" data-element_type=\"widget\" data-widget_type=\"text-editor.default\">\n\t\t\t\t<div class=\"elementor-widget-container\">\n\t\t\t\t\t\t\t<h5>Support<\/h5><p>Sollten Sie Support zu einem vorhandenen EyeSeeCam-System w\u00fcnschen, k\u00f6nnen Sie sich auch direkt an unser Support-Team wenden unter: <br \/><a href=\"mailto:support@eyeseetec.de\">support@eyeseetec.de<\/a><\/p>\t\t\t\t\t\t<\/div>\n\t\t\t\t<\/div>\n\t\t\t\t<div class=\"elementor-element elementor-element-68a771f elementor-widget elementor-widget-spacer\" data-id=\"68a771f\" data-element_type=\"widget\" data-widget_type=\"spacer.default\">\n\t\t\t\t<div class=\"elementor-widget-container\">\n\t\t\t\t\t<div class=\"elementor-spacer\">\n\t\t\t<div class=\"elementor-spacer-inner\"><\/div>\n\t\t<\/div>\n\t\t\t\t<\/div>\n\t\t\t\t<\/div>\n\t\t\t\t\t<\/div>\n\t\t<\/div>\n\t\t\t\t<div class=\"elementor-column elementor-col-50 elementor-top-column elementor-element elementor-element-f1a35f6\" data-id=\"f1a35f6\" data-element_type=\"column\">\n\t\t\t<div class=\"elementor-widget-wrap elementor-element-populated\">\n\t\t\t\t\t\t\t\t<div class=\"elementor-element elementor-element-3500155 elementor-button-align-start elementor-widget elementor-widget-form\" data-id=\"3500155\" data-element_type=\"widget\" data-settings=\"{&quot;button_width&quot;:&quot;50&quot;,&quot;step_next_label&quot;:&quot;Next&quot;,&quot;step_previous_label&quot;:&quot;Previous&quot;,&quot;step_type&quot;:&quot;number_text&quot;,&quot;step_icon_shape&quot;:&quot;circle&quot;}\" data-widget_type=\"form.default\">\n\t\t\t\t<div class=\"elementor-widget-container\">\n\t\t\t\t\t<form class=\"elementor-form\" method=\"post\" name=\"kontakt\">\n\t\t\t<input type=\"hidden\" name=\"post_id\" value=\"23\"\/>\n\t\t\t<input type=\"hidden\" name=\"form_id\" value=\"3500155\"\/>\n\t\t\t<input type=\"hidden\" name=\"referer_title\" value=\"EyeSeeTec GmbH\" \/>\n\n\t\t\t\n\t\t\t<div class=\"elementor-form-fields-wrapper elementor-labels-above\">\n\t\t\t\t\t\t\t\t<div class=\"elementor-field-type-text elementor-field-group elementor-column elementor-field-group-name elementor-col-100 elementor-field-required\">\n\t\t\t\t\t\t\t\t\t\t\t\t<label for=\"form-field-name\" class=\"elementor-field-label\">\n\t\t\t\t\t\t\t\tName\t\t\t\t\t\t\t<\/label>\n\t\t\t\t\t\t\t\t\t\t\t\t\t\t<input size=\"1\" type=\"text\" name=\"form_fields[name]\" id=\"form-field-name\" class=\"elementor-field elementor-size-sm  elementor-field-textual\" placeholder=\"Name\" required=\"required\" aria-required=\"true\">\n\t\t\t\t\t\t\t\t\t\t\t<\/div>\n\t\t\t\t\t\t\t\t<div class=\"elementor-field-type-text elementor-field-group elementor-column elementor-field-group-field_7ad5df0 elementor-col-100\">\n\t\t\t\t\t\t\t\t\t\t\t\t<label for=\"form-field-field_7ad5df0\" class=\"elementor-field-label\">\n\t\t\t\t\t\t\t\tOrganisation\t\t\t\t\t\t\t<\/label>\n\t\t\t\t\t\t\t\t\t\t\t\t\t\t<input size=\"1\" type=\"text\" name=\"form_fields[field_7ad5df0]\" id=\"form-field-field_7ad5df0\" class=\"elementor-field elementor-size-sm  elementor-field-textual\" placeholder=\"Organisation\">\n\t\t\t\t\t\t\t\t\t\t\t<\/div>\n\t\t\t\t\t\t\t\t<div class=\"elementor-field-type-email elementor-field-group elementor-column elementor-field-group-email elementor-col-100 elementor-field-required\">\n\t\t\t\t\t\t\t\t\t\t\t\t<label for=\"form-field-email\" class=\"elementor-field-label\">\n\t\t\t\t\t\t\t\tE-Mail\t\t\t\t\t\t\t<\/label>\n\t\t\t\t\t\t\t\t\t\t\t\t\t\t<input size=\"1\" type=\"email\" name=\"form_fields[email]\" id=\"form-field-email\" class=\"elementor-field elementor-size-sm  elementor-field-textual\" placeholder=\"E-Mail\" required=\"required\" aria-required=\"true\">\n\t\t\t\t\t\t\t\t\t\t\t<\/div>\n\t\t\t\t\t\t\t\t<div class=\"elementor-field-type-textarea elementor-field-group elementor-column elementor-field-group-message elementor-col-100\">\n\t\t\t\t\t\t\t\t\t\t\t\t<label for=\"form-field-message\" class=\"elementor-field-label\">\n\t\t\t\t\t\t\t\tNachricht\t\t\t\t\t\t\t<\/label>\n\t\t\t\t\t\t<textarea class=\"elementor-field-textual elementor-field  elementor-size-sm\" name=\"form_fields[message]\" id=\"form-field-message\" rows=\"4\" placeholder=\"Nachricht\"><\/textarea>\t\t\t\t<\/div>\n\t\t\t\t\t\t\t\t<div class=\"elementor-field-type-checkbox elementor-field-group elementor-column elementor-field-group-field_8d5fa58 elementor-col-100\">\n\t\t\t\t\t<div class=\"elementor-field-subgroup  \"><span class=\"elementor-field-option\"><input type=\"checkbox\" value=\"Einverst\u00e4ndnis zur Datenverarbeitung. Die abgesendeten Daten werden nur zum Zweck der Bearbeitung Ihres Anliegens verarbeitet. Weitere Informationen finden Sie in unserer &lt;a href=&quot;\/datenschutz\/&quot; target=&quot;_blank&quot;&gt;Datenschutzerkl\u00e4rung&lt;\/a&gt;.\" id=\"form-field-field_8d5fa58-0\" name=\"form_fields[field_8d5fa58]\"> <label for=\"form-field-field_8d5fa58-0\">Einverst\u00e4ndnis zur Datenverarbeitung. Die abgesendeten Daten werden nur zum Zweck der Bearbeitung Ihres Anliegens verarbeitet. Weitere Informationen finden Sie in unserer <a href=\"\/datenschutz\/\" target=\"_blank\">Datenschutzerkl\u00e4rung<\/a>.<\/label><\/span><\/div>\t\t\t\t<\/div>\n\t\t\t\t\t\t\t\t<div class=\"elementor-field-type-text\">\n\t\t\t\t\t<input size=\"1\" type=\"text\" name=\"form_fields[field_d04416b]\" id=\"form-field-field_d04416b\" class=\"elementor-field elementor-size-sm \" style=\"display:none !important;\">\t\t\t\t<\/div>\n\t\t\t\t\t\t\t\t<div class=\"elementor-field-group elementor-column elementor-field-type-submit elementor-col-50 e-form__buttons\">\n\t\t\t\t\t<button type=\"submit\" class=\"elementor-button elementor-size-sm\">\n\t\t\t\t\t\t<span >\n\t\t\t\t\t\t\t\t\t\t\t\t\t\t\t<span class=\" elementor-button-icon\">\n\t\t\t\t\t\t\t\t\t\t\t\t\t\t\t\t\t\t\t\t\t\t\t\t\t\t<\/span>\n\t\t\t\t\t\t\t\t\t\t\t\t\t\t\t\t\t\t\t\t\t\t<span class=\"elementor-button-text\">Absenden<\/span>\n\t\t\t\t\t\t\t\t\t\t\t\t\t<\/span>\n\t\t\t\t\t<\/button>\n\t\t\t\t<\/div>\n\t\t\t<\/div>\n\t\t<\/form>\n\t\t\t\t<\/div>\n\t\t\t\t<\/div>\n\t\t\t\t\t<\/div>\n\t\t<\/div>\n\t\t\t\t\t\t\t<\/div>\n\t\t<\/section>\n\t\t\t\t<section class=\"elementor-section elementor-top-section elementor-element elementor-element-b949d3a elementor-section-boxed elementor-section-height-default elementor-section-height-default\" data-id=\"b949d3a\" data-element_type=\"section\">\n\t\t\t\t\t\t<div class=\"elementor-container elementor-column-gap-default\">\n\t\t\t\t\t<div class=\"elementor-column elementor-col-100 elementor-top-column elementor-element elementor-element-98d6fe9\" data-id=\"98d6fe9\" data-element_type=\"column\">\n\t\t\t<div class=\"elementor-widget-wrap elementor-element-populated\">\n\t\t\t\t\t\t\t\t<div class=\"elementor-element elementor-element-1434c08 elementor-widget elementor-widget-spacer\" data-id=\"1434c08\" data-element_type=\"widget\" data-widget_type=\"spacer.default\">\n\t\t\t\t<div class=\"elementor-widget-container\">\n\t\t\t\t\t<div class=\"elementor-spacer\">\n\t\t\t<div class=\"elementor-spacer-inner\"><\/div>\n\t\t<\/div>\n\t\t\t\t<\/div>\n\t\t\t\t<\/div>\n\t\t\t\t\t<\/div>\n\t\t<\/div>\n\t\t\t\t\t\t\t<\/div>\n\t\t<\/section>\n\t\t\t\t\t\t\t<\/div>\n\t\t","protected":false},"excerpt":{"rendered":"<p>Kontakt Wir freuen uns, wenn Sie sich mit uns in Verbindung setzen. Sie k\u00f6nnen das Kontaktformular nutzen oder sich per E-Mail oder Telefon an uns wenden. EyeSeeTec GmbH Neumarkter Stra\u00dfe 84c81673 M\u00fcnchenDeutschland Tel: +49 089 215461490Fax: +49 089 215461491 Weitere Ausk\u00fcnfte F\u00fcr weitere Ausk\u00fcnfte zum System, Anforderung eines Angebotes, gew\u00fcnschte Beratung, oder allgemeine Anfragen wenden [&hellip;]<\/p>\n","protected":false},"author":1,"featured_media":0,"parent":0,"menu_order":0,"comment_status":"closed","ping_status":"closed","template":"","meta":{"footnotes":""},"class_list":["post-23","page","type-page","status-publish","hentry"],"yoast_head":"<!-- This site is optimized with the Yoast SEO plugin v19.9 - https:\/\/yoast.com\/wordpress\/plugins\/seo\/ -->\n<title>Kontakt - EyeSeeTec GmbH<\/title>\n<meta name=\"description\" content=\"Kontaktieren Sie uns f\u00fcr Ihre Anfragen zur EyeSeeCam. Ben\u00f6tigen Sie Support, weitere Informationen oder ein Angebot - wir von EyeSeeTec helfen Ihnen gerne weiter.\" \/>\n<meta name=\"robots\" content=\"index, follow, max-snippet:-1, max-image-preview:large, max-video-preview:-1\" \/>\n<link rel=\"canonical\" href=\"https:\/\/eyeseetec.de\/de\/kontakt\/\" \/>\n<meta property=\"og:locale\" content=\"de_DE\" \/>\n<meta property=\"og:type\" content=\"article\" \/>\n<meta property=\"og:title\" content=\"Kontakt - EyeSeeTec GmbH\" \/>\n<meta property=\"og:description\" content=\"Kontaktieren Sie uns f\u00fcr Ihre Anfragen zur EyeSeeCam. Ben\u00f6tigen Sie Support, weitere Informationen oder ein Angebot - wir von EyeSeeTec helfen Ihnen gerne weiter.\" \/>\n<meta property=\"og:url\" content=\"https:\/\/eyeseetec.de\/de\/kontakt\/\" \/>\n<meta property=\"og:site_name\" content=\"EyeSeeTec GmbH\" \/>\n<meta property=\"article:modified_time\" content=\"2022-02-14T11:39:36+00:00\" \/>\n<meta property=\"og:image\" content=\"https:\/\/eyeseetec.de\/wp-content\/uploads\/2022\/02\/logo-eyeseetec.png\" \/>\n\t<meta property=\"og:image:width\" content=\"1015\" \/>\n\t<meta property=\"og:image:height\" content=\"378\" \/>\n\t<meta property=\"og:image:type\" content=\"image\/png\" \/>\n<meta name=\"twitter:card\" content=\"summary_large_image\" \/>\n<meta name=\"twitter:label1\" content=\"Gesch\u00e4tzte Lesezeit\" \/>\n\t<meta name=\"twitter:data1\" content=\"1\u00a0Minute\" \/>\n<script type=\"application\/ld+json\" class=\"yoast-schema-graph\">{\"@context\":\"https:\/\/schema.org\",\"@graph\":[{\"@type\":\"WebPage\",\"@id\":\"https:\/\/eyeseetec.de\/de\/kontakt\/\",\"url\":\"https:\/\/eyeseetec.de\/de\/kontakt\/\",\"name\":\"Kontakt - EyeSeeTec GmbH\",\"isPartOf\":{\"@id\":\"https:\/\/eyeseetec.de\/de\/#website\"},\"datePublished\":\"2021-05-20T16:11:28+00:00\",\"dateModified\":\"2022-02-14T11:39:36+00:00\",\"description\":\"Kontaktieren Sie uns f\u00fcr Ihre Anfragen zur EyeSeeCam. Ben\u00f6tigen Sie Support, weitere Informationen oder ein Angebot - wir von EyeSeeTec helfen Ihnen gerne weiter.\",\"breadcrumb\":{\"@id\":\"https:\/\/eyeseetec.de\/de\/kontakt\/#breadcrumb\"},\"inLanguage\":\"de\",\"potentialAction\":[{\"@type\":\"ReadAction\",\"target\":[\"https:\/\/eyeseetec.de\/de\/kontakt\/\"]}]},{\"@type\":\"BreadcrumbList\",\"@id\":\"https:\/\/eyeseetec.de\/de\/kontakt\/#breadcrumb\",\"itemListElement\":[{\"@type\":\"ListItem\",\"position\":1,\"name\":\"Startseite\",\"item\":\"https:\/\/eyeseetec.de\/de\/\"},{\"@type\":\"ListItem\",\"position\":2,\"name\":\"Kontakt\"}]},{\"@type\":\"WebSite\",\"@id\":\"https:\/\/eyeseetec.de\/de\/#website\",\"url\":\"https:\/\/eyeseetec.de\/de\/\",\"name\":\"EyeSeeTec GmbH\",\"description\":\"\",\"publisher\":{\"@id\":\"https:\/\/eyeseetec.de\/de\/#organization\"},\"potentialAction\":[{\"@type\":\"SearchAction\",\"target\":{\"@type\":\"EntryPoint\",\"urlTemplate\":\"https:\/\/eyeseetec.de\/de\/?s={search_term_string}\"},\"query-input\":\"required name=search_term_string\"}],\"inLanguage\":\"de\"},{\"@type\":\"Organization\",\"@id\":\"https:\/\/eyeseetec.de\/de\/#organization\",\"name\":\"EyeSeeTec GmbH\",\"url\":\"https:\/\/eyeseetec.de\/de\/\",\"logo\":{\"@type\":\"ImageObject\",\"inLanguage\":\"de\",\"@id\":\"https:\/\/eyeseetec.de\/de\/#\/schema\/logo\/image\/\",\"url\":\"https:\/\/eyeseetec.de\/wp-content\/uploads\/2021\/05\/logo-eyeseetec.svg\",\"contentUrl\":\"https:\/\/eyeseetec.de\/wp-content\/uploads\/2021\/05\/logo-eyeseetec.svg\",\"caption\":\"EyeSeeTec GmbH\"},\"image\":{\"@id\":\"https:\/\/eyeseetec.de\/de\/#\/schema\/logo\/image\/\"}}]}<\/script>\n<!-- \/ Yoast SEO plugin. -->","yoast_head_json":{"title":"Kontakt - EyeSeeTec GmbH","description":"Kontaktieren Sie uns f\u00fcr Ihre Anfragen zur EyeSeeCam. Ben\u00f6tigen Sie Support, weitere Informationen oder ein Angebot - wir von EyeSeeTec helfen Ihnen gerne weiter.","robots":{"index":"index","follow":"follow","max-snippet":"max-snippet:-1","max-image-preview":"max-image-preview:large","max-video-preview":"max-video-preview:-1"},"canonical":"https:\/\/eyeseetec.de\/de\/kontakt\/","og_locale":"de_DE","og_type":"article","og_title":"Kontakt - EyeSeeTec GmbH","og_description":"Kontaktieren Sie uns f\u00fcr Ihre Anfragen zur EyeSeeCam. Ben\u00f6tigen Sie Support, weitere Informationen oder ein Angebot - wir von EyeSeeTec helfen Ihnen gerne weiter.","og_url":"https:\/\/eyeseetec.de\/de\/kontakt\/","og_site_name":"EyeSeeTec GmbH","article_modified_time":"2022-02-14T11:39:36+00:00","og_image":[{"width":1015,"height":378,"url":"https:\/\/eyeseetec.de\/wp-content\/uploads\/2022\/02\/logo-eyeseetec.png","type":"image\/png"}],"twitter_card":"summary_large_image","twitter_misc":{"Gesch\u00e4tzte Lesezeit":"1\u00a0Minute"},"schema":{"@context":"https:\/\/schema.org","@graph":[{"@type":"WebPage","@id":"https:\/\/eyeseetec.de\/de\/kontakt\/","url":"https:\/\/eyeseetec.de\/de\/kontakt\/","name":"Kontakt - EyeSeeTec GmbH","isPartOf":{"@id":"https:\/\/eyeseetec.de\/de\/#website"},"datePublished":"2021-05-20T16:11:28+00:00","dateModified":"2022-02-14T11:39:36+00:00","description":"Kontaktieren Sie uns f\u00fcr Ihre Anfragen zur EyeSeeCam. Ben\u00f6tigen Sie Support, weitere Informationen oder ein Angebot - wir von EyeSeeTec helfen Ihnen gerne weiter.","breadcrumb":{"@id":"https:\/\/eyeseetec.de\/de\/kontakt\/#breadcrumb"},"inLanguage":"de","potentialAction":[{"@type":"ReadAction","target":["https:\/\/eyeseetec.de\/de\/kontakt\/"]}]},{"@type":"BreadcrumbList","@id":"https:\/\/eyeseetec.de\/de\/kontakt\/#breadcrumb","itemListElement":[{"@type":"ListItem","position":1,"name":"Startseite","item":"https:\/\/eyeseetec.de\/de\/"},{"@type":"ListItem","position":2,"name":"Kontakt"}]},{"@type":"WebSite","@id":"https:\/\/eyeseetec.de\/de\/#website","url":"https:\/\/eyeseetec.de\/de\/","name":"EyeSeeTec GmbH","description":"","publisher":{"@id":"https:\/\/eyeseetec.de\/de\/#organization"},"potentialAction":[{"@type":"SearchAction","target":{"@type":"EntryPoint","urlTemplate":"https:\/\/eyeseetec.de\/de\/?s={search_term_string}"},"query-input":"required name=search_term_string"}],"inLanguage":"de"},{"@type":"Organization","@id":"https:\/\/eyeseetec.de\/de\/#organization","name":"EyeSeeTec GmbH","url":"https:\/\/eyeseetec.de\/de\/","logo":{"@type":"ImageObject","inLanguage":"de","@id":"https:\/\/eyeseetec.de\/de\/#\/schema\/logo\/image\/","url":"https:\/\/eyeseetec.de\/wp-content\/uploads\/2021\/05\/logo-eyeseetec.svg","contentUrl":"https:\/\/eyeseetec.de\/wp-content\/uploads\/2021\/05\/logo-eyeseetec.svg","caption":"EyeSeeTec GmbH"},"image":{"@id":"https:\/\/eyeseetec.de\/de\/#\/schema\/logo\/image\/"}}]}},"_links":{"self":[{"href":"https:\/\/eyeseetec.de\/de\/wp-json\/wp\/v2\/pages\/23","targetHints":{"allow":["GET"]}}],"collection":[{"href":"https:\/\/eyeseetec.de\/de\/wp-json\/wp\/v2\/pages"}],"about":[{"href":"https:\/\/eyeseetec.de\/de\/wp-json\/wp\/v2\/types\/page"}],"author":[{"embeddable":true,"href":"https:\/\/eyeseetec.de\/de\/wp-json\/wp\/v2\/users\/1"}],"replies":[{"embeddable":true,"href":"https:\/\/eyeseetec.de\/de\/wp-json\/wp\/v2\/comments?post=23"}],"version-history":[{"count":61,"href":"https:\/\/eyeseetec.de\/de\/wp-json\/wp\/v2\/pages\/23\/revisions"}],"predecessor-version":[{"id":1669,"href":"https:\/\/eyeseetec.de\/de\/wp-json\/wp\/v2\/pages\/23\/revisions\/1669"}],"wp:attachment":[{"href":"https:\/\/eyeseetec.de\/de\/wp-json\/wp\/v2\/media?parent=23"}],"curies":[{"name":"wp","href":"https:\/\/api.w.org\/{rel}","templated":true}]}}